{"id":10,"date":"2018-12-27T01:02:41","date_gmt":"2018-12-27T01:02:41","guid":{"rendered":"https:\/\/abvp.pt\/?page_id=10"},"modified":"2024-07-30T18:57:38","modified_gmt":"2024-07-30T17:57:38","slug":"codigo-de-etica","status":"publish","type":"page","link":"https:\/\/www.abvp.pt\/en\/codigo-de-etica\/","title":{"rendered":"Code of Ethics"},"content":{"rendered":"<p>GENERAL STATEMENTS:<\/p>\n\n\n\n<p>Not to use the name of the ABVP or the blogger\u2019s membership to obtain personal advantages or privileges.<\/p>\n\n\n\n<p>TRANSPARENCY TOWARDS THE MARKET:<\/p>\n\n\n\n<p>Clearly and honestly report the <em>blog<\/em>\u2019s audience figures, respecting the metrics used on the market and always presenting the source of the reported data;<\/p>\n\n\n\n<p>Not to use illegal means to increase the audience of the <em>blog<\/em> or the <em>blog<\/em> \u2019s (and blogger\u2019s) social media channels;<\/p>\n\n\n\n<p>Fair pricing in relation to the market, not offering to potential advertisers and sponsors prices so low that they will devalue the work carried out and harm other <em>bloggers;<\/em><\/p>\n\n\n\n<p>If a blogger participates in competitions or awards for travel <em>blogs<\/em> , he or she must not use any illicit, fraudulent or ethically reproachable means to attract votes.<\/p>\n\n\n\n<p>TRANSPARENCY TOWARDS READERS:<\/p>\n\n\n\n<p>In the case of sponsored <em>posts<\/em> , <em>bloggers<\/em> must clearly inform readers that the text is being published with the support of the company involved, either through a banner or in text format (at the beginning or end of the <em>post<\/em>);<\/p>\n\n\n\n<p>In the case of sponsored trips (<em>blog trips<\/em>), <em>bloggers<\/em> must also point out this fact in the relevant texts (at the beginning or end);<\/p>\n\n\n\n<p>In the case of sponsored trips, bloggers must make it clear to the organiser, before the experience begins, that the publication of all materials is exclusively at the blogger\u2019s discretion, without external interference, and that said publication will be in line with information accuracy and the quality of his or her lived experiences. In other words, the <em>blog<\/em> \u2019s critical standpoint must always be respected;<\/p>\n\n\n\n<p>When publishing <em>press releases<\/em> sent by press offices or marketing departments, bloggers must clearly indicate the source of the material and not appropriate texts as their own;<\/p>\n\n\n\n<p>When receiving commissions from companies listed on the blog (including through affiliate programmes), bloggers must make this fact clear to readers.<\/p>\n\n\n\n<p>RESPECTING COPYRIGHT:<\/p>\n\n\n\n<p>10) Should <em>bloggers<\/em> wish to use third-party photographs, they must contact the respective author and request authorisation to use the picture;<\/p>\n\n\n\n<p>11) If a blogger wishes to use texts that are not his or her own and have been published on other <em>blogs<\/em>, <em>bloggers<\/em> should only use a brief extract of the published material, clearly quote its source and direct the reader to the original webpage via a <em>\u2018follow\u2019 link<\/em>;<\/p>\n\n\n\n<p>12) Should a blogger have texts by guest authors published on his or her <em>blog<\/em>, whether through <em>guest posts<\/em> or otherwise, the authorship must be clearly indicated; <em>bloggers<\/em> must not \u2018appropriate\u2019 third-party texts.<\/p>","protected":false},"excerpt":{"rendered":"<p>PROPOSI\u00c7\u00d5ES GERAIS: &#8211; N\u00e3o utilizar o nome da ABVP nem a sua condi\u00e7\u00e3o de associado para obter vantagens ou privil\u00e9gios pessoais. TRANSPAR\u00caNCIA PARA COM O MERCADO: 1) Informar com clareza [&hellip;]<\/p>\n","protected":false},"author":1,"featured_media":0,"parent":0,"menu_order":0,"comment_status":"closed","ping_status":"closed","template":"","meta":{"_price":"","_stock":"","_tribe_ticket_header":"","_tribe_default_ticket_provider":"","_tribe_ticket_capacity":"0","_ticket_start_date":"","_ticket_end_date":"","_tribe_ticket_show_description":"","_tribe_ticket_show_not_going":false,"_tribe_ticket_use_global_stock":"","_tribe_ticket_global_stock_level":"","_global_stock_mode":"","_global_stock_cap":"","_tribe_rsvp_for_event":"","_tribe_ticket_going_count":"","_tribe_ticket_not_going_count":"","_tribe_tickets_list":"[]","_tribe_ticket_has_attendee_info_fields":false,"_EventAllDay":false,"_EventTimezone":"","_EventStartDate":"","_EventEndDate":"","_EventStartDateUTC":"","_EventEndDateUTC":"","_EventShowMap":false,"_EventShowMapLink":false,"_EventURL":"","_EventCost":"","_EventCostDescription":"","_EventCurrencySymbol":"","_EventCurrencyCode":"","_EventCurrencyPosition":"","_EventDateTimeSeparator":"","_EventTimeRangeSeparator":"","_EventOrganizerID":[],"_EventVenueID":[],"_OrganizerEmail":"","_OrganizerPhone":"","_OrganizerWebsite":"","_VenueAddress":"","_VenueCity":"","_VenueCountry":"","_VenueProvince":"","_VenueState":"","_VenueZip":"","_VenuePhone":"","_VenueURL":"","_VenueStateProvince":"","_VenueLat":"","_VenueLng":"","_VenueShowMap":false,"_VenueShowMapLink":false,"footnotes":""},"campanha":[],"class_list":["post-10","page","type-page","status-publish","hentry"],"blocksy_meta":{"page_structure_type":"default","styles_descriptor":{"styles":{"desktop":"","tablet":"","mobile":""},"google_fonts":[],"version":6},"has_hero_section":"default","hero_elements":[{"id":"breadcrumbs","enabled":true,"__id":"8EMHfa1c3FBSgGzxPpD6O"},{"id":"custom_title","enabled":true,"heading_tag":"h1","title":"In\u00edcio","__id":"nJu3LoO4iQ6hNcq5w65Na"},{"id":"custom_description","enabled":false,"description_visibility":{"desktop":true,"tablet":true,"mobile":false},"__id":"YAZnPFzZa5CiG__RA4l3B"},{"id":"custom_meta","enabled":false,"meta_elements":[{"id":"author","enabled":true,"label":"Por","has_author_avatar":"yes","avatar_size":25},{"id":"post_date","enabled":true,"label":"Em","date_format_source":"default","date_format":"M j, Y"},{"id":"updated_date","enabled":false,"label":"Em","date_format_source":"default","date_format":"M j, Y"},{"id":"categories","enabled":false,"label":"Em","style":"simple"},{"id":"comments","enabled":true}],"page_meta_elements":{"joined":true,"articles_count":true,"comments":true},"__id":"FLFK_b_0nWcvTdIoMapB4"}],"hero_alignment1":{"desktop":"left","tablet":"left","mobile":"left"},"hero_section":"type-2"},"yoast_head":"<!-- This site is optimized with the Yoast SEO plugin v26.4 - https:\/\/yoast.com\/wordpress\/plugins\/seo\/ -->\n<title>C\u00f3digo de \u00c9tica - ABVP<\/title>\n<meta name=\"description\" content=\"Conhe\u00e7a o C\u00f3digo de \u00c9tica da Associa\u00e7\u00e3o de Bloggers de Viagem Portugueses (ABVP), em nome de rela\u00e7\u00f5es \u00e9ticas e transparentes com os leitores e o mercado.\" \/>\n<meta name=\"robots\" content=\"index, follow, max-snippet:-1, max-image-preview:large, max-video-preview:-1\" \/>\n<link rel=\"canonical\" href=\"https:\/\/www.abvp.pt\/en\/codigo-de-etica\/\" \/>\n<meta property=\"og:locale\" content=\"en_GB\" \/>\n<meta property=\"og:type\" content=\"article\" \/>\n<meta property=\"og:title\" content=\"C\u00f3digo de \u00c9tica - ABVP\" \/>\n<meta property=\"og:description\" content=\"Conhe\u00e7a o C\u00f3digo de \u00c9tica da Associa\u00e7\u00e3o de Bloggers de Viagem Portugueses (ABVP), em nome de rela\u00e7\u00f5es \u00e9ticas e transparentes com os leitores e o mercado.\" \/>\n<meta property=\"og:url\" content=\"https:\/\/www.abvp.pt\/en\/codigo-de-etica\/\" \/>\n<meta property=\"og:site_name\" content=\"ABVP\" \/>\n<meta property=\"article:publisher\" content=\"https:\/\/www.facebook.com\/abvppt\/\" \/>\n<meta property=\"article:modified_time\" content=\"2024-07-30T17:57:38+00:00\" \/>\n<meta name=\"twitter:card\" content=\"summary_large_image\" \/>\n<meta name=\"twitter:site\" content=\"@abvppt\" \/>\n<meta name=\"twitter:label1\" content=\"Estimated reading time\" \/>\n\t<meta name=\"twitter:data1\" content=\"3 minutes\" \/>\n<script type=\"application\/ld+json\" class=\"yoast-schema-graph\">{\"@context\":\"https:\/\/schema.org\",\"@graph\":[{\"@type\":\"WebPage\",\"@id\":\"https:\/\/www.abvp.pt\/codigo-de-etica\/\",\"url\":\"https:\/\/www.abvp.pt\/codigo-de-etica\/\",\"name\":\"C\u00f3digo de \u00c9tica - ABVP\",\"isPartOf\":{\"@id\":\"https:\/\/www.abvp.pt\/#website\"},\"datePublished\":\"2018-12-27T01:02:41+00:00\",\"dateModified\":\"2024-07-30T17:57:38+00:00\",\"description\":\"Conhe\u00e7a o C\u00f3digo de \u00c9tica da Associa\u00e7\u00e3o de Bloggers de Viagem Portugueses (ABVP), em nome de rela\u00e7\u00f5es \u00e9ticas e transparentes com os leitores e o mercado.\",\"breadcrumb\":{\"@id\":\"https:\/\/www.abvp.pt\/codigo-de-etica\/#breadcrumb\"},\"inLanguage\":\"en-GB\",\"potentialAction\":[{\"@type\":\"ReadAction\",\"target\":[\"https:\/\/www.abvp.pt\/codigo-de-etica\/\"]}]},{\"@type\":\"BreadcrumbList\",\"@id\":\"https:\/\/www.abvp.pt\/codigo-de-etica\/#breadcrumb\",\"itemListElement\":[{\"@type\":\"ListItem\",\"position\":1,\"name\":\"In\u00edcio\",\"item\":\"https:\/\/www.abvp.pt\/\"},{\"@type\":\"ListItem\",\"position\":2,\"name\":\"C\u00f3digo de \u00c9tica\"}]},{\"@type\":\"WebSite\",\"@id\":\"https:\/\/www.abvp.pt\/#website\",\"url\":\"https:\/\/www.abvp.pt\/\",\"name\":\"ABVP\",\"description\":\"Associa\u00e7\u00e3o de Bloggers de Viagem Portugueses\",\"publisher\":{\"@id\":\"https:\/\/www.abvp.pt\/#organization\"},\"potentialAction\":[{\"@type\":\"SearchAction\",\"target\":{\"@type\":\"EntryPoint\",\"urlTemplate\":\"https:\/\/www.abvp.pt\/?s={search_term_string}\"},\"query-input\":{\"@type\":\"PropertyValueSpecification\",\"valueRequired\":true,\"valueName\":\"search_term_string\"}}],\"inLanguage\":\"en-GB\"},{\"@type\":\"Organization\",\"@id\":\"https:\/\/www.abvp.pt\/#organization\",\"name\":\"ABVP\",\"url\":\"https:\/\/www.abvp.pt\/\",\"logo\":{\"@type\":\"ImageObject\",\"inLanguage\":\"en-GB\",\"@id\":\"https:\/\/www.abvp.pt\/#\/schema\/logo\/image\/\",\"url\":\"https:\/\/www.abvp.pt\/wp-content\/uploads\/Logo-Header-dark.svg\",\"contentUrl\":\"https:\/\/www.abvp.pt\/wp-content\/uploads\/Logo-Header-dark.svg\",\"width\":325,\"height\":48,\"caption\":\"ABVP\"},\"image\":{\"@id\":\"https:\/\/www.abvp.pt\/#\/schema\/logo\/image\/\"},\"sameAs\":[\"https:\/\/www.facebook.com\/abvppt\/\",\"https:\/\/x.com\/abvppt\",\"https:\/\/www.instagram.com\/abvppt\/\"]}]}<\/script>\n<!-- \/ Yoast SEO plugin. -->","yoast_head_json":{"title":"C\u00f3digo de \u00c9tica - ABVP","description":"Conhe\u00e7a o C\u00f3digo de \u00c9tica da Associa\u00e7\u00e3o de Bloggers de Viagem Portugueses (ABVP), em nome de rela\u00e7\u00f5es \u00e9ticas e transparentes com os leitores e o mercado.","robots":{"index":"index","follow":"follow","max-snippet":"max-snippet:-1","max-image-preview":"max-image-preview:large","max-video-preview":"max-video-preview:-1"},"canonical":"https:\/\/www.abvp.pt\/en\/codigo-de-etica\/","og_locale":"en_GB","og_type":"article","og_title":"C\u00f3digo de \u00c9tica - ABVP","og_description":"Conhe\u00e7a o C\u00f3digo de \u00c9tica da Associa\u00e7\u00e3o de Bloggers de Viagem Portugueses (ABVP), em nome de rela\u00e7\u00f5es \u00e9ticas e transparentes com os leitores e o mercado.","og_url":"https:\/\/www.abvp.pt\/en\/codigo-de-etica\/","og_site_name":"ABVP","article_publisher":"https:\/\/www.facebook.com\/abvppt\/","article_modified_time":"2024-07-30T17:57:38+00:00","twitter_card":"summary_large_image","twitter_site":"@abvppt","twitter_misc":{"Estimated reading time":"3 minutes"},"schema":{"@context":"https:\/\/schema.org","@graph":[{"@type":"WebPage","@id":"https:\/\/www.abvp.pt\/codigo-de-etica\/","url":"https:\/\/www.abvp.pt\/codigo-de-etica\/","name":"C\u00f3digo de \u00c9tica - ABVP","isPartOf":{"@id":"https:\/\/www.abvp.pt\/#website"},"datePublished":"2018-12-27T01:02:41+00:00","dateModified":"2024-07-30T17:57:38+00:00","description":"Conhe\u00e7a o C\u00f3digo de \u00c9tica da Associa\u00e7\u00e3o de Bloggers de Viagem Portugueses (ABVP), em nome de rela\u00e7\u00f5es \u00e9ticas e transparentes com os leitores e o mercado.","breadcrumb":{"@id":"https:\/\/www.abvp.pt\/codigo-de-etica\/#breadcrumb"},"inLanguage":"en-GB","potentialAction":[{"@type":"ReadAction","target":["https:\/\/www.abvp.pt\/codigo-de-etica\/"]}]},{"@type":"BreadcrumbList","@id":"https:\/\/www.abvp.pt\/codigo-de-etica\/#breadcrumb","itemListElement":[{"@type":"ListItem","position":1,"name":"In\u00edcio","item":"https:\/\/www.abvp.pt\/"},{"@type":"ListItem","position":2,"name":"C\u00f3digo de \u00c9tica"}]},{"@type":"WebSite","@id":"https:\/\/www.abvp.pt\/#website","url":"https:\/\/www.abvp.pt\/","name":"ABVP","description":"Association of Portuguese Travel Bloggers","publisher":{"@id":"https:\/\/www.abvp.pt\/#organization"},"potentialAction":[{"@type":"SearchAction","target":{"@type":"EntryPoint","urlTemplate":"https:\/\/www.abvp.pt\/?s={search_term_string}"},"query-input":{"@type":"PropertyValueSpecification","valueRequired":true,"valueName":"search_term_string"}}],"inLanguage":"en-GB"},{"@type":"Organization","@id":"https:\/\/www.abvp.pt\/#organization","name":"ABVP","url":"https:\/\/www.abvp.pt\/","logo":{"@type":"ImageObject","inLanguage":"en-GB","@id":"https:\/\/www.abvp.pt\/#\/schema\/logo\/image\/","url":"https:\/\/www.abvp.pt\/wp-content\/uploads\/Logo-Header-dark.svg","contentUrl":"https:\/\/www.abvp.pt\/wp-content\/uploads\/Logo-Header-dark.svg","width":325,"height":48,"caption":"ABVP"},"image":{"@id":"https:\/\/www.abvp.pt\/#\/schema\/logo\/image\/"},"sameAs":["https:\/\/www.facebook.com\/abvppt\/","https:\/\/x.com\/abvppt","https:\/\/www.instagram.com\/abvppt\/"]}]}},"_links":{"self":[{"href":"https:\/\/www.abvp.pt\/en\/wp-json\/wp\/v2\/pages\/10","targetHints":{"allow":["GET"]}}],"collection":[{"href":"https:\/\/www.abvp.pt\/en\/wp-json\/wp\/v2\/pages"}],"about":[{"href":"https:\/\/www.abvp.pt\/en\/wp-json\/wp\/v2\/types\/page"}],"author":[{"embeddable":true,"href":"https:\/\/www.abvp.pt\/en\/wp-json\/wp\/v2\/users\/1"}],"replies":[{"embeddable":true,"href":"https:\/\/www.abvp.pt\/en\/wp-json\/wp\/v2\/comments?post=10"}],"version-history":[{"count":0,"href":"https:\/\/www.abvp.pt\/en\/wp-json\/wp\/v2\/pages\/10\/revisions"}],"wp:attachment":[{"href":"https:\/\/www.abvp.pt\/en\/wp-json\/wp\/v2\/media?parent=10"}],"wp:term":[{"taxonomy":"campanha","embeddable":true,"href":"https:\/\/www.abvp.pt\/en\/wp-json\/wp\/v2\/campanha?post=10"}],"curies":[{"name":"wp","href":"https:\/\/api.w.org\/{rel}","templated":true}]}}