{"id":12,"date":"2018-12-27T01:15:23","date_gmt":"2018-12-27T01:15:23","guid":{"rendered":"https:\/\/abvp.pt\/?page_id=12"},"modified":"2026-04-18T12:00:28","modified_gmt":"2026-04-18T11:00:28","slug":"sobre","status":"publish","type":"page","link":"https:\/\/www.abvp.pt\/en\/sobre\/","title":{"rendered":"About ABVP"},"content":{"rendered":"<p>The Association of Portuguese Travel Bloggers (ABVP) is a non-profit organisation that has as its mission to foster the professional development of <em>bloggers<\/em> operating in the tourism sector, while encouraging the creation of ethical and transparent relationships with readers and all partners related to tourism.<\/p>\n\n\n\n<h2 class=\"wp-block-heading\"><strong>ABVP\u2019S OBJECTIVES<\/strong><\/h2>\n\n\n\n<p>In more detail, these are the three fundamental pillars of ABVP\u2019s activities:<\/p>\n\n\n\n<h4 class=\"wp-block-heading\">#1 APPRECIATION<\/h4>\n\n\n\n<p><strong>To promote the appreciation of the work of travel <em>bloggers<\/em> ,<\/strong> in the eyes of the market and external entities, the association acting as a privileged interlocutor between local tourism organisations and Portuguese <em>bloggers<\/em> for the organisation of specific paid campaigns.<\/p>\n\n\n\n<h4 class=\"wp-block-heading\">#2 EMPOWERMENT<\/h4>\n\n\n\n<p>To help <strong>empower members<\/strong> with tools and knowledge, so that they can become increasingly competent in each of the many aspects of their daily work. For this purpose, our aim is to promote the exchange of knowledge between members and invite outside specialists to share their experience, through face-to-face activities such as <em>workshops<\/em>, lectures or meetings.<\/p>\n\n\n\n<h4 class=\"wp-block-heading\">#3 SELF-REGULATION<\/h4>\n\n\n\n<p>To establish a <strong><a href=\"https:\/\/www.abvp.pt\/en\/codigo-de-etica\/\">Code of Ethics<\/a><\/strong>, to be followed by all members, in the name of transparency in relation to readers and potential partners.<\/p>\n\n\n\n<div style=\"height:50px\" aria-hidden=\"true\" class=\"wp-block-spacer\"><\/div>\n\n\n\n<p class=\"box-info\">Discover our <a href=\"https:\/\/www.abvp.pt\/en\/associados\/\">associated blogs<\/a> and find out <a href=\"https:\/\/www.abvp.pt\/en\/inscricoes\/\">how you can join us<\/a>.<\/p>\n\n\n\n<h2 class=\"wp-block-heading\">ABVP ADMINISTRATIVE BODIES (QUADRENNIUM 2024-2028)<\/h2>\n\n\n\n<p>Board of Directors<\/p>\n\n\n\n<p><\/p>\n\n\n\n<ul class=\"wp-block-list\">\n<li>Presidenteda Dire\u00e7\u00e3o: Raquel Morgado | <a href=\"https:\/\/365diasnomundo.com\" target=\"_blank\" rel=\"noreferrer noopener\">365 dias no mundo<\/a><\/li>\n\n\n\n<li>Vice-President: Gon\u00e7alo Henriques <a href=\"https:\/\/numpostal.com\" target=\"_blank\" rel=\"noreferrer noopener\">Num Postal<\/a><\/li>\n\n\n\n<li>Vice-Presidente da Dire\u00e7\u00e3o: Patr\u00edcia Carvalho | <a href=\"https:\/\/www.girlfromnowhere.pt\/\" target=\"_blank\" rel=\"noreferrer noopener\">Girl from Nowhere<\/a><\/li>\n<\/ul>\n\n\n\n<p>Board of the General Assembly<\/p>\n\n\n\n<ul class=\"wp-block-list\">\n<li>President: In\u00eas Miranda <a href=\"https:\/\/sempreentreviagens.com\" target=\"_blank\" rel=\"noreferrer noopener\">Sempre Entre Viagens<\/a><\/li>\n\n\n\n<li>Vice-President: Ana Cristina Borges <a href=\"https:\/\/viajarporquesim.com\/\" target=\"_blank\" rel=\"noreferrer noopener\">Viajar Porque Sim<\/a><\/li>\n\n\n\n<li>Secret\u00e1ria da Mesa da Assembleia Geral: Ana Mano | <a href=\"https:\/\/viagensmaisprala.pt\/\" target=\"_blank\" rel=\"noreferrer noopener\">Viagens Mais Pra L\u00e1<\/a><\/li>\n<\/ul>\n\n\n\n<p>Statutory Audit Committee<\/p>\n\n\n\n<ul class=\"wp-block-list\">\n<li>President: Tiago Ferreira <a href=\"https:\/\/thewisetravellers.com\" target=\"_blank\" rel=\"noreferrer noopener\">The Wise Travellers<\/a><\/li>\n\n\n\n<li>Vice-President: Filipa Chatillon <a href=\"https:\/\/contosalfacinhas.com\/\" target=\"_blank\" rel=\"noreferrer noopener\">Contos Alfacinhas<\/a><\/li>\n\n\n\n<li>Secretary: L\u00edgia Gomes <a href=\"https:\/\/acrushon.com\" target=\"_blank\" rel=\"noreferrer noopener\">A Crush On<\/a><\/li>\n<\/ul>","protected":false},"excerpt":{"rendered":"<p>A Associa\u00e7\u00e3o de Bloggers de Viagem Portugueses (ABVP) \u00e9 uma organiza\u00e7\u00e3o sem fins lucrativos cuja miss\u00e3o \u00e9 promover o desenvolvimento profissional dos bloggers que atuam no segmento de turismo, ao [&hellip;]<\/p>\n","protected":false},"author":1,"featured_media":0,"parent":0,"menu_order":0,"comment_status":"closed","ping_status":"closed","template":"","meta":{"_price":"","_stock":"","_tribe_ticket_header":"","_tribe_default_ticket_provider":"","_tribe_ticket_capacity":"0","_ticket_start_date":"","_ticket_end_date":"","_tribe_ticket_show_description":"","_tribe_ticket_show_not_going":false,"_tribe_ticket_use_global_stock":"","_tribe_ticket_global_stock_level":"","_global_stock_mode":"","_global_stock_cap":"","_tribe_rsvp_for_event":"","_tribe_ticket_going_count":"","_tribe_ticket_not_going_count":"","_tribe_tickets_list":"[]","_tribe_ticket_has_attendee_info_fields":false,"_EventAllDay":false,"_EventTimezone":"","_EventStartDate":"","_EventEndDate":"","_EventStartDateUTC":"","_EventEndDateUTC":"","_EventShowMap":false,"_EventShowMapLink":false,"_EventURL":"","_EventCost":"","_EventCostDescription":"","_EventCurrencySymbol":"","_EventCurrencyCode":"","_EventCurrencyPosition":"","_EventDateTimeSeparator":"","_EventTimeRangeSeparator":"","_EventOrganizerID":[],"_EventVenueID":[],"_OrganizerEmail":"","_OrganizerPhone":"","_OrganizerWebsite":"","_VenueAddress":"","_VenueCity":"","_VenueCountry":"","_VenueProvince":"","_VenueState":"","_VenueZip":"","_VenuePhone":"","_VenueURL":"","_VenueStateProvince":"","_VenueLat":"","_VenueLng":"","_VenueShowMap":false,"_VenueShowMapLink":false,"footnotes":""},"campanha":[],"class_list":["post-12","page","type-page","status-publish","hentry"],"blocksy_meta":[],"yoast_head":"<!-- This site is optimized with the Yoast SEO plugin v26.4 - https:\/\/yoast.com\/wordpress\/plugins\/seo\/ -->\n<title>Sobre a ABVP - ABVP<\/title>\n<meta name=\"description\" content=\"Conhe\u00e7a a Associa\u00e7\u00e3o de Bloggers de Viagem Portugueses (ABVP), uma organiza\u00e7\u00e3o sem fins lucrativos para promover o desenvolvimento profissional dos bloggers de viagem.\" \/>\n<meta name=\"robots\" content=\"index, follow, max-snippet:-1, max-image-preview:large, max-video-preview:-1\" \/>\n<link rel=\"canonical\" href=\"https:\/\/www.abvp.pt\/en\/sobre\/\" \/>\n<meta property=\"og:locale\" content=\"en_GB\" \/>\n<meta property=\"og:type\" content=\"article\" \/>\n<meta property=\"og:title\" content=\"Sobre a ABVP - ABVP\" \/>\n<meta property=\"og:description\" content=\"Conhe\u00e7a a Associa\u00e7\u00e3o de Bloggers de Viagem Portugueses (ABVP), uma organiza\u00e7\u00e3o sem fins lucrativos para promover o desenvolvimento profissional dos bloggers de viagem.\" \/>\n<meta property=\"og:url\" content=\"https:\/\/www.abvp.pt\/en\/sobre\/\" \/>\n<meta property=\"og:site_name\" content=\"ABVP\" \/>\n<meta property=\"article:publisher\" content=\"https:\/\/www.facebook.com\/abvppt\/\" \/>\n<meta property=\"article:modified_time\" content=\"2026-04-18T11:00:28+00:00\" \/>\n<meta name=\"twitter:card\" content=\"summary_large_image\" \/>\n<meta name=\"twitter:site\" content=\"@abvppt\" \/>\n<meta name=\"twitter:label1\" content=\"Estimated reading time\" \/>\n\t<meta name=\"twitter:data1\" content=\"2 minutes\" \/>\n<script type=\"application\/ld+json\" class=\"yoast-schema-graph\">{\"@context\":\"https:\/\/schema.org\",\"@graph\":[{\"@type\":\"WebPage\",\"@id\":\"https:\/\/www.abvp.pt\/sobre\/\",\"url\":\"https:\/\/www.abvp.pt\/sobre\/\",\"name\":\"Sobre a ABVP - ABVP\",\"isPartOf\":{\"@id\":\"https:\/\/www.abvp.pt\/#website\"},\"datePublished\":\"2018-12-27T01:15:23+00:00\",\"dateModified\":\"2026-04-18T11:00:28+00:00\",\"description\":\"Conhe\u00e7a a Associa\u00e7\u00e3o de Bloggers de Viagem Portugueses (ABVP), uma organiza\u00e7\u00e3o sem fins lucrativos para promover o desenvolvimento profissional dos bloggers de viagem.\",\"breadcrumb\":{\"@id\":\"https:\/\/www.abvp.pt\/sobre\/#breadcrumb\"},\"inLanguage\":\"en-GB\",\"potentialAction\":[{\"@type\":\"ReadAction\",\"target\":[\"https:\/\/www.abvp.pt\/sobre\/\"]}]},{\"@type\":\"BreadcrumbList\",\"@id\":\"https:\/\/www.abvp.pt\/sobre\/#breadcrumb\",\"itemListElement\":[{\"@type\":\"ListItem\",\"position\":1,\"name\":\"In\u00edcio\",\"item\":\"https:\/\/www.abvp.pt\/\"},{\"@type\":\"ListItem\",\"position\":2,\"name\":\"Sobre a ABVP\"}]},{\"@type\":\"WebSite\",\"@id\":\"https:\/\/www.abvp.pt\/#website\",\"url\":\"https:\/\/www.abvp.pt\/\",\"name\":\"ABVP\",\"description\":\"Associa\u00e7\u00e3o de Bloggers de Viagem Portugueses\",\"publisher\":{\"@id\":\"https:\/\/www.abvp.pt\/#organization\"},\"potentialAction\":[{\"@type\":\"SearchAction\",\"target\":{\"@type\":\"EntryPoint\",\"urlTemplate\":\"https:\/\/www.abvp.pt\/?s={search_term_string}\"},\"query-input\":{\"@type\":\"PropertyValueSpecification\",\"valueRequired\":true,\"valueName\":\"search_term_string\"}}],\"inLanguage\":\"en-GB\"},{\"@type\":\"Organization\",\"@id\":\"https:\/\/www.abvp.pt\/#organization\",\"name\":\"ABVP\",\"url\":\"https:\/\/www.abvp.pt\/\",\"logo\":{\"@type\":\"ImageObject\",\"inLanguage\":\"en-GB\",\"@id\":\"https:\/\/www.abvp.pt\/#\/schema\/logo\/image\/\",\"url\":\"https:\/\/www.abvp.pt\/wp-content\/uploads\/Logo-Header-dark.svg\",\"contentUrl\":\"https:\/\/www.abvp.pt\/wp-content\/uploads\/Logo-Header-dark.svg\",\"width\":325,\"height\":48,\"caption\":\"ABVP\"},\"image\":{\"@id\":\"https:\/\/www.abvp.pt\/#\/schema\/logo\/image\/\"},\"sameAs\":[\"https:\/\/www.facebook.com\/abvppt\/\",\"https:\/\/x.com\/abvppt\",\"https:\/\/www.instagram.com\/abvppt\/\"]}]}<\/script>\n<!-- \/ Yoast SEO plugin. -->","yoast_head_json":{"title":"Sobre a ABVP - ABVP","description":"Conhe\u00e7a a Associa\u00e7\u00e3o de Bloggers de Viagem Portugueses (ABVP), uma organiza\u00e7\u00e3o sem fins lucrativos para promover o desenvolvimento profissional dos bloggers de viagem.","robots":{"index":"index","follow":"follow","max-snippet":"max-snippet:-1","max-image-preview":"max-image-preview:large","max-video-preview":"max-video-preview:-1"},"canonical":"https:\/\/www.abvp.pt\/en\/sobre\/","og_locale":"en_GB","og_type":"article","og_title":"Sobre a ABVP - ABVP","og_description":"Conhe\u00e7a a Associa\u00e7\u00e3o de Bloggers de Viagem Portugueses (ABVP), uma organiza\u00e7\u00e3o sem fins lucrativos para promover o desenvolvimento profissional dos bloggers de viagem.","og_url":"https:\/\/www.abvp.pt\/en\/sobre\/","og_site_name":"ABVP","article_publisher":"https:\/\/www.facebook.com\/abvppt\/","article_modified_time":"2026-04-18T11:00:28+00:00","twitter_card":"summary_large_image","twitter_site":"@abvppt","twitter_misc":{"Estimated reading time":"2 minutes"},"schema":{"@context":"https:\/\/schema.org","@graph":[{"@type":"WebPage","@id":"https:\/\/www.abvp.pt\/sobre\/","url":"https:\/\/www.abvp.pt\/sobre\/","name":"Sobre a ABVP - ABVP","isPartOf":{"@id":"https:\/\/www.abvp.pt\/#website"},"datePublished":"2018-12-27T01:15:23+00:00","dateModified":"2026-04-18T11:00:28+00:00","description":"Conhe\u00e7a a Associa\u00e7\u00e3o de Bloggers de Viagem Portugueses (ABVP), uma organiza\u00e7\u00e3o sem fins lucrativos para promover o desenvolvimento profissional dos bloggers de viagem.","breadcrumb":{"@id":"https:\/\/www.abvp.pt\/sobre\/#breadcrumb"},"inLanguage":"en-GB","potentialAction":[{"@type":"ReadAction","target":["https:\/\/www.abvp.pt\/sobre\/"]}]},{"@type":"BreadcrumbList","@id":"https:\/\/www.abvp.pt\/sobre\/#breadcrumb","itemListElement":[{"@type":"ListItem","position":1,"name":"In\u00edcio","item":"https:\/\/www.abvp.pt\/"},{"@type":"ListItem","position":2,"name":"Sobre a ABVP"}]},{"@type":"WebSite","@id":"https:\/\/www.abvp.pt\/#website","url":"https:\/\/www.abvp.pt\/","name":"ABVP","description":"Association of Portuguese Travel Bloggers","publisher":{"@id":"https:\/\/www.abvp.pt\/#organization"},"potentialAction":[{"@type":"SearchAction","target":{"@type":"EntryPoint","urlTemplate":"https:\/\/www.abvp.pt\/?s={search_term_string}"},"query-input":{"@type":"PropertyValueSpecification","valueRequired":true,"valueName":"search_term_string"}}],"inLanguage":"en-GB"},{"@type":"Organization","@id":"https:\/\/www.abvp.pt\/#organization","name":"ABVP","url":"https:\/\/www.abvp.pt\/","logo":{"@type":"ImageObject","inLanguage":"en-GB","@id":"https:\/\/www.abvp.pt\/#\/schema\/logo\/image\/","url":"https:\/\/www.abvp.pt\/wp-content\/uploads\/Logo-Header-dark.svg","contentUrl":"https:\/\/www.abvp.pt\/wp-content\/uploads\/Logo-Header-dark.svg","width":325,"height":48,"caption":"ABVP"},"image":{"@id":"https:\/\/www.abvp.pt\/#\/schema\/logo\/image\/"},"sameAs":["https:\/\/www.facebook.com\/abvppt\/","https:\/\/x.com\/abvppt","https:\/\/www.instagram.com\/abvppt\/"]}]}},"_links":{"self":[{"href":"https:\/\/www.abvp.pt\/en\/wp-json\/wp\/v2\/pages\/12","targetHints":{"allow":["GET"]}}],"collection":[{"href":"https:\/\/www.abvp.pt\/en\/wp-json\/wp\/v2\/pages"}],"about":[{"href":"https:\/\/www.abvp.pt\/en\/wp-json\/wp\/v2\/types\/page"}],"author":[{"embeddable":true,"href":"https:\/\/www.abvp.pt\/en\/wp-json\/wp\/v2\/users\/1"}],"replies":[{"embeddable":true,"href":"https:\/\/www.abvp.pt\/en\/wp-json\/wp\/v2\/comments?post=12"}],"version-history":[{"count":5,"href":"https:\/\/www.abvp.pt\/en\/wp-json\/wp\/v2\/pages\/12\/revisions"}],"predecessor-version":[{"id":8048,"href":"https:\/\/www.abvp.pt\/en\/wp-json\/wp\/v2\/pages\/12\/revisions\/8048"}],"wp:attachment":[{"href":"https:\/\/www.abvp.pt\/en\/wp-json\/wp\/v2\/media?parent=12"}],"wp:term":[{"taxonomy":"campanha","embeddable":true,"href":"https:\/\/www.abvp.pt\/en\/wp-json\/wp\/v2\/campanha?post=12"}],"curies":[{"name":"wp","href":"https:\/\/api.w.org\/{rel}","templated":true}]}}