{"id":16,"date":"2018-12-27T01:07:00","date_gmt":"2018-12-27T01:07:00","guid":{"rendered":"https:\/\/abvp.pt\/?page_id=16"},"modified":"2024-08-29T09:53:41","modified_gmt":"2024-08-29T08:53:41","slug":"beneficios","status":"publish","type":"page","link":"https:\/\/www.abvp.pt\/en\/beneficios\/","title":{"rendered":"Benefits of membership"},"content":{"rendered":"<p>With the mission of enhancing the value of the work of travel <em>bloggers<\/em> , empowering them with tools and knowledge to boost their skills and encouraging ethical and transparent practices in their relationship with readers and the market, the ABVP exists to defend and develop the interests of the profession, giving bloggers access to a number of benefits. Namely:<\/p>\n\n\n\n<ul class=\"wp-block-list\">\n<li>As the only legally established organisation for the Portuguese travel <em>bloggers<\/em> profession, we provide our members with recognition as an \u201cEthical<em>Blog<\/em> \".<\/li>\n\n\n\n<li>Use of the \u201cABVP member blog\u201d seal on the <em>blog<\/em>, on social media, on advertising materials and in commercial proposals.<\/li>\n\n\n\n<li>Access to a range of exclusive training sessions, events and <em>workshops<\/em> in various key areas for <em>bloggers<\/em>, such as writing, photography, video, social media management, business models and relationships with the market, WordPress and <em>Search Engine Optimization<\/em>, among others.<\/li>\n\n\n\n<li>Possibility of achieving better commissions from relevant affiliate programmes.&nbsp;<\/li>\n\n\n\n<li>Access to exclusive conditions with partner companies.<\/li>\n\n\n\n<li>Access to sector data and studies produced or collected by the ABVP.<\/li>\n\n\n\n<li>Opportunity to join a <em>networking <\/em>group within an organisation that offers a range of advantages and is legally recognised.<\/li>\n\n\n\n<li>Participation in and the right to vote at general meetings, which are essential to the structured decision-making processes within the ABVP.<\/li>\n<\/ul>\n\n\n\n<p>In summary, by joining the ABVP you will be part of a legally established organisation that represents Portuguese travel <em>bloggers<\/em> and will make every effort to take care of your interests. Let\u2019s grow together!<\/p>\n\n\n\n<p>For more information, read the <a href=\"https:\/\/www.abvp.pt\/en\/faq\/\">frequently asked questions<\/a>&nbsp;and check that your <em>blog<\/em> meets our requirements and complies with the&nbsp;<a href=\"https:\/\/www.abvp.pt\/en\/codigo-de-etica\/\">ABVP Code of Ethics<\/a>. If you share our philosophy and principles, join now!<\/p>","protected":false},"excerpt":{"rendered":"<p>Com a miss\u00e3o de valorizar o trabalho do blogger de viagens, capacitando-o com ferramentas e conhecimentos que potenciem as suas compet\u00eancias e promovendo pr\u00e1ticas \u00e9ticas e transparentes no relacionamento com [&hellip;]<\/p>\n","protected":false},"author":1,"featured_media":0,"parent":0,"menu_order":0,"comment_status":"closed","ping_status":"closed","template":"","meta":{"_price":"","_stock":"","_tribe_ticket_header":"","_tribe_default_ticket_provider":"","_tribe_ticket_capacity":"0","_ticket_start_date":"","_ticket_end_date":"","_tribe_ticket_show_description":"","_tribe_ticket_show_not_going":false,"_tribe_ticket_use_global_stock":"","_tribe_ticket_global_stock_level":"","_global_stock_mode":"","_global_stock_cap":"","_tribe_rsvp_for_event":"","_tribe_ticket_going_count":"","_tribe_ticket_not_going_count":"","_tribe_tickets_list":"[]","_tribe_ticket_has_attendee_info_fields":false,"_EventAllDay":false,"_EventTimezone":"","_EventStartDate":"","_EventEndDate":"","_EventStartDateUTC":"","_EventEndDateUTC":"","_EventShowMap":false,"_EventShowMapLink":false,"_EventURL":"","_EventCost":"","_EventCostDescription":"","_EventCurrencySymbol":"","_EventCurrencyCode":"","_EventCurrencyPosition":"","_EventDateTimeSeparator":"","_EventTimeRangeSeparator":"","_EventOrganizerID":[],"_EventVenueID":[],"_OrganizerEmail":"","_OrganizerPhone":"","_OrganizerWebsite":"","_VenueAddress":"","_VenueCity":"","_VenueCountry":"","_VenueProvince":"","_VenueState":"","_VenueZip":"","_VenuePhone":"","_VenueURL":"","_VenueStateProvince":"","_VenueLat":"","_VenueLng":"","_VenueShowMap":false,"_VenueShowMapLink":false,"footnotes":""},"campanha":[],"class_list":["post-16","page","type-page","status-publish","hentry"],"blocksy_meta":[],"yoast_head":"<!-- This site is optimized with the Yoast SEO plugin v26.4 - https:\/\/yoast.com\/wordpress\/plugins\/seo\/ -->\n<title>Benef\u00edcios para os associados - ABVP<\/title>\n<meta name=\"description\" content=\"Conhe\u00e7a todos os benef\u00edcios de ser associado da Associa\u00e7\u00e3o de Bloggers de Viagem Portugueses (ABVP).\" \/>\n<meta name=\"robots\" content=\"index, follow, max-snippet:-1, max-image-preview:large, max-video-preview:-1\" \/>\n<link rel=\"canonical\" href=\"https:\/\/www.abvp.pt\/en\/beneficios\/\" \/>\n<meta property=\"og:locale\" content=\"en_GB\" \/>\n<meta property=\"og:type\" content=\"article\" \/>\n<meta property=\"og:title\" content=\"Benef\u00edcios para os associados - ABVP\" \/>\n<meta property=\"og:description\" content=\"Conhe\u00e7a todos os benef\u00edcios de ser associado da Associa\u00e7\u00e3o de Bloggers de Viagem Portugueses (ABVP).\" \/>\n<meta property=\"og:url\" content=\"https:\/\/www.abvp.pt\/en\/beneficios\/\" \/>\n<meta property=\"og:site_name\" content=\"ABVP\" \/>\n<meta property=\"article:publisher\" content=\"https:\/\/www.facebook.com\/abvppt\/\" \/>\n<meta property=\"article:modified_time\" content=\"2024-08-29T08:53:41+00:00\" \/>\n<meta name=\"twitter:card\" content=\"summary_large_image\" \/>\n<meta name=\"twitter:site\" content=\"@abvppt\" \/>\n<meta name=\"twitter:label1\" content=\"Estimated reading time\" \/>\n\t<meta name=\"twitter:data1\" content=\"2 minutes\" \/>\n<script type=\"application\/ld+json\" class=\"yoast-schema-graph\">{\"@context\":\"https:\/\/schema.org\",\"@graph\":[{\"@type\":\"WebPage\",\"@id\":\"https:\/\/www.abvp.pt\/beneficios\/\",\"url\":\"https:\/\/www.abvp.pt\/beneficios\/\",\"name\":\"Benef\u00edcios para os associados - ABVP\",\"isPartOf\":{\"@id\":\"https:\/\/www.abvp.pt\/#website\"},\"datePublished\":\"2018-12-27T01:07:00+00:00\",\"dateModified\":\"2024-08-29T08:53:41+00:00\",\"description\":\"Conhe\u00e7a todos os benef\u00edcios de ser associado da Associa\u00e7\u00e3o de Bloggers de Viagem Portugueses (ABVP).\",\"breadcrumb\":{\"@id\":\"https:\/\/www.abvp.pt\/beneficios\/#breadcrumb\"},\"inLanguage\":\"en-GB\",\"potentialAction\":[{\"@type\":\"ReadAction\",\"target\":[\"https:\/\/www.abvp.pt\/beneficios\/\"]}]},{\"@type\":\"BreadcrumbList\",\"@id\":\"https:\/\/www.abvp.pt\/beneficios\/#breadcrumb\",\"itemListElement\":[{\"@type\":\"ListItem\",\"position\":1,\"name\":\"In\u00edcio\",\"item\":\"https:\/\/www.abvp.pt\/\"},{\"@type\":\"ListItem\",\"position\":2,\"name\":\"Benef\u00edcios para os associados\"}]},{\"@type\":\"WebSite\",\"@id\":\"https:\/\/www.abvp.pt\/#website\",\"url\":\"https:\/\/www.abvp.pt\/\",\"name\":\"ABVP\",\"description\":\"Associa\u00e7\u00e3o de Bloggers de Viagem Portugueses\",\"publisher\":{\"@id\":\"https:\/\/www.abvp.pt\/#organization\"},\"potentialAction\":[{\"@type\":\"SearchAction\",\"target\":{\"@type\":\"EntryPoint\",\"urlTemplate\":\"https:\/\/www.abvp.pt\/?s={search_term_string}\"},\"query-input\":{\"@type\":\"PropertyValueSpecification\",\"valueRequired\":true,\"valueName\":\"search_term_string\"}}],\"inLanguage\":\"en-GB\"},{\"@type\":\"Organization\",\"@id\":\"https:\/\/www.abvp.pt\/#organization\",\"name\":\"ABVP\",\"url\":\"https:\/\/www.abvp.pt\/\",\"logo\":{\"@type\":\"ImageObject\",\"inLanguage\":\"en-GB\",\"@id\":\"https:\/\/www.abvp.pt\/#\/schema\/logo\/image\/\",\"url\":\"https:\/\/www.abvp.pt\/wp-content\/uploads\/Logo-Header-dark.svg\",\"contentUrl\":\"https:\/\/www.abvp.pt\/wp-content\/uploads\/Logo-Header-dark.svg\",\"width\":325,\"height\":48,\"caption\":\"ABVP\"},\"image\":{\"@id\":\"https:\/\/www.abvp.pt\/#\/schema\/logo\/image\/\"},\"sameAs\":[\"https:\/\/www.facebook.com\/abvppt\/\",\"https:\/\/x.com\/abvppt\",\"https:\/\/www.instagram.com\/abvppt\/\"]}]}<\/script>\n<!-- \/ Yoast SEO plugin. -->","yoast_head_json":{"title":"Benef\u00edcios para os associados - ABVP","description":"Conhe\u00e7a todos os benef\u00edcios de ser associado da Associa\u00e7\u00e3o de Bloggers de Viagem Portugueses (ABVP).","robots":{"index":"index","follow":"follow","max-snippet":"max-snippet:-1","max-image-preview":"max-image-preview:large","max-video-preview":"max-video-preview:-1"},"canonical":"https:\/\/www.abvp.pt\/en\/beneficios\/","og_locale":"en_GB","og_type":"article","og_title":"Benef\u00edcios para os associados - ABVP","og_description":"Conhe\u00e7a todos os benef\u00edcios de ser associado da Associa\u00e7\u00e3o de Bloggers de Viagem Portugueses (ABVP).","og_url":"https:\/\/www.abvp.pt\/en\/beneficios\/","og_site_name":"ABVP","article_publisher":"https:\/\/www.facebook.com\/abvppt\/","article_modified_time":"2024-08-29T08:53:41+00:00","twitter_card":"summary_large_image","twitter_site":"@abvppt","twitter_misc":{"Estimated reading time":"2 minutes"},"schema":{"@context":"https:\/\/schema.org","@graph":[{"@type":"WebPage","@id":"https:\/\/www.abvp.pt\/beneficios\/","url":"https:\/\/www.abvp.pt\/beneficios\/","name":"Benef\u00edcios para os associados - ABVP","isPartOf":{"@id":"https:\/\/www.abvp.pt\/#website"},"datePublished":"2018-12-27T01:07:00+00:00","dateModified":"2024-08-29T08:53:41+00:00","description":"Conhe\u00e7a todos os benef\u00edcios de ser associado da Associa\u00e7\u00e3o de Bloggers de Viagem Portugueses (ABVP).","breadcrumb":{"@id":"https:\/\/www.abvp.pt\/beneficios\/#breadcrumb"},"inLanguage":"en-GB","potentialAction":[{"@type":"ReadAction","target":["https:\/\/www.abvp.pt\/beneficios\/"]}]},{"@type":"BreadcrumbList","@id":"https:\/\/www.abvp.pt\/beneficios\/#breadcrumb","itemListElement":[{"@type":"ListItem","position":1,"name":"In\u00edcio","item":"https:\/\/www.abvp.pt\/"},{"@type":"ListItem","position":2,"name":"Benef\u00edcios para os associados"}]},{"@type":"WebSite","@id":"https:\/\/www.abvp.pt\/#website","url":"https:\/\/www.abvp.pt\/","name":"ABVP","description":"Association of Portuguese Travel Bloggers","publisher":{"@id":"https:\/\/www.abvp.pt\/#organization"},"potentialAction":[{"@type":"SearchAction","target":{"@type":"EntryPoint","urlTemplate":"https:\/\/www.abvp.pt\/?s={search_term_string}"},"query-input":{"@type":"PropertyValueSpecification","valueRequired":true,"valueName":"search_term_string"}}],"inLanguage":"en-GB"},{"@type":"Organization","@id":"https:\/\/www.abvp.pt\/#organization","name":"ABVP","url":"https:\/\/www.abvp.pt\/","logo":{"@type":"ImageObject","inLanguage":"en-GB","@id":"https:\/\/www.abvp.pt\/#\/schema\/logo\/image\/","url":"https:\/\/www.abvp.pt\/wp-content\/uploads\/Logo-Header-dark.svg","contentUrl":"https:\/\/www.abvp.pt\/wp-content\/uploads\/Logo-Header-dark.svg","width":325,"height":48,"caption":"ABVP"},"image":{"@id":"https:\/\/www.abvp.pt\/#\/schema\/logo\/image\/"},"sameAs":["https:\/\/www.facebook.com\/abvppt\/","https:\/\/x.com\/abvppt","https:\/\/www.instagram.com\/abvppt\/"]}]}},"_links":{"self":[{"href":"https:\/\/www.abvp.pt\/en\/wp-json\/wp\/v2\/pages\/16","targetHints":{"allow":["GET"]}}],"collection":[{"href":"https:\/\/www.abvp.pt\/en\/wp-json\/wp\/v2\/pages"}],"about":[{"href":"https:\/\/www.abvp.pt\/en\/wp-json\/wp\/v2\/types\/page"}],"author":[{"embeddable":true,"href":"https:\/\/www.abvp.pt\/en\/wp-json\/wp\/v2\/users\/1"}],"replies":[{"embeddable":true,"href":"https:\/\/www.abvp.pt\/en\/wp-json\/wp\/v2\/comments?post=16"}],"version-history":[{"count":1,"href":"https:\/\/www.abvp.pt\/en\/wp-json\/wp\/v2\/pages\/16\/revisions"}],"predecessor-version":[{"id":7136,"href":"https:\/\/www.abvp.pt\/en\/wp-json\/wp\/v2\/pages\/16\/revisions\/7136"}],"wp:attachment":[{"href":"https:\/\/www.abvp.pt\/en\/wp-json\/wp\/v2\/media?parent=16"}],"wp:term":[{"taxonomy":"campanha","embeddable":true,"href":"https:\/\/www.abvp.pt\/en\/wp-json\/wp\/v2\/campanha?post=16"}],"curies":[{"name":"wp","href":"https:\/\/api.w.org\/{rel}","templated":true}]}}