{"id":28,"date":"2018-12-27T01:19:47","date_gmt":"2018-12-27T01:19:47","guid":{"rendered":"https:\/\/abvp.pt\/?page_id=28"},"modified":"2024-09-18T17:47:56","modified_gmt":"2024-09-18T16:47:56","slug":"inscricoes","status":"publish","type":"page","link":"https:\/\/www.abvp.pt\/en\/inscricoes\/","title":{"rendered":"Join the ABVP"},"content":{"rendered":"<h2 class=\"wp-block-heading\">Quem pode associar-se<\/h2>\n\n\n\n<p>All Portuguese representatives of travel <em>blogs<\/em> de viagem que produzam conte\u00fados pr\u00f3prios sobre viagens. Preferencialmente em l\u00edngua portuguesa, mas n\u00e3o exclusivamente nesta. Deve atuar sempre dentro dos valores defendidos no <a href=\"https:\/\/www.abvp.pt\/en\/codigo-de-etica\/\">C\u00f3digo de \u00c9tica da ABVP<\/a>.<\/p>\n\n\n\n<p>Travel <em>blogs<\/em> classic examples thereof being gastronomy, luxury travel and what are known as <em>city blogs<\/em>.<\/p>\n\n\n\n<p>Por outras palavras, pode ser associado todo o blogger de viagens que cumpra todos estes requisitos:<\/p>\n\n\n\n<ul class=\"wp-block-list\">\n<li>Ter nacionalidade portuguesa.<\/li>\n\n\n\n<li>Ter um <em>blog<\/em> de viagens com conte\u00fado baseado nas suas experi\u00eancias pessoais e considerado relevante e original pela Dire\u00e7\u00e3o. Leia as <a href=\"https:\/\/www.abvp.pt\/en\/faq\/\">frequently asked questions<\/a> para mais detalhes sobre a defini\u00e7\u00e3o de &#8220;<em>Blog<\/em> de Viagem&#8221; no contexto da ABVP.<\/li>\n\n\n\n<li>Escrever preferencialmente em portugu\u00eas de Portugal (embora possam tamb\u00e9m ser aceites <em>blogs<\/em> escritos noutra l\u00edngua, mediante aprecia\u00e7\u00e3o por parte da Dire\u00e7\u00e3o).<\/li>\n\n\n\n<li>Ter mais de um ano de exist\u00eancia e pelo menos 20 <em>posts<\/em> publicados.<\/li>\n\n\n\n<li>Assumir o compromisso de respeitar as regras da ABVP, incluindo o <a href=\"https:\/\/www.abvp.pt\/en\/codigo-de-etica\/\">Code of Ethics<\/a>.<\/li>\n<\/ul>\n\n\n\n<h3 class=\"wp-block-heading\">Categorias de associados<\/h3>\n\n\n\n<p>I. <strong>Associado Fundador<\/strong><\/p>\n\n\n\n<p>Blogger de viagens que tenha feito parte da constitui\u00e7\u00e3o da ABVP. Pode votar e ser votado para qualquer \u00f3rg\u00e3o social. Valor da anuidade: 60\u20ac.<\/p>\n\n\n\n<p>II. <strong>Associado Efetivo<\/strong><\/p>\n\n\n\n<p>Blogger de viagens associado h\u00e1 mais de tr\u00eas anos. Pode votar e ser votado para qualquer \u00f3rg\u00e3o social. Valor da anuidade: 60\u20ac<\/p>\n\n\n\n<p>III. <strong>Associado Colaborador<\/strong><\/p>\n\n\n\n<p>Blogger de viagens associado h\u00e1 menos de tr\u00eas anos. Pode votar e ser votado para qualquer \u00f3rg\u00e3o social. Valor da anuidade: 60\u20ac<\/p>\n\n\n\n<p>IV. <strong>Associado Honor\u00e1rio<\/strong><\/p>\n\n\n\n<p>Personalidade designada por vota\u00e7\u00e3o em reuni\u00e3o da Dire\u00e7\u00e3o Fundadora. Pode apoiar, divulgar, propor e efetivar eventos, programas e propostas de acordo com as finalidades definidas nos Estatutos da ABVP. N\u00e3o pode votar nem ser votado. Valor da anuidade: gratuito.<\/p>\n\n\n\n<p class=\"box-info\">Nota:&nbsp;no caso do <em>blog<\/em> ter dois ou mais representantes, apenas um associado por blog ter\u00e1 direito a voto e igualmente apenas um associado por blog poder\u00e1 ocupar os cargos de Dire\u00e7\u00e3o que d\u00e3o direito a voto. O valor da anuidade \u00e9 \u00fanico por <em>blog<\/em>, independente do n\u00famero de seus membros.<\/p>\n\n\n\n<h2 class=\"wp-block-heading\">Benefits of membership<\/h2>\n\n\n\n<p>Do <em>networking<\/em> a condi\u00e7\u00f5es vantajosas em programas de afiliados de parceiros reputados, passando por a\u00e7\u00f5es de forma\u00e7\u00e3o exclusivas e a possibilidade de integrar <em>blog trips<\/em> remuneradas sem que isso belisque a sua independ\u00eancia editorial, s\u00e3o muitos os <a href=\"https:\/\/www.abvp.pt\/en\/beneficios\/\">benef\u00edcios da ABVP para os seus  associados<\/a>.<\/p>\n\n\n\n<h2 class=\"wp-block-heading\">Inscreva-se na ABVP<\/h2>\n\n\n\n<p>Caso ainda tenha d\u00favidas, entre em contacto connosco, pois teremos todo o gosto em esclarec\u00ea-lo. Se n\u00e3o tem d\u00favidas, proceda agora mesmo \u00e0 sua inscri\u00e7\u00e3o na ABVP.<\/p>\n\n\n\n<p>Antes de o fazer, no entanto, e at\u00e9 para evitar atrasos no seu processo de admiss\u00e3o, recomenda-se a leitura atenta do <a href=\"https:\/\/www.abvp.pt\/en\/codigo-de-etica\/\">Code of Ethics<\/a> e dos detalhes dispon\u00edveis na p\u00e1gina de&nbsp;<a href=\"https:\/\/www.abvp.pt\/en\/faq\/\">frequently asked questions<\/a>, incluindo sobre o tipo de <em>blogs<\/em> aceites como associados. Recorda-se, a esse respeito, o seguinte:<\/p>\n\n\n\n<ul class=\"wp-block-list\">\n<li>Ser\u00e3o apenas considerados <em>blogs<\/em> que tenham\u00a0relatos pessoais de viagem\u00a0como principal conte\u00fado, incluindo <em>blogs<\/em> de nicho. N\u00e3o ser\u00e3o considerados para avalia\u00e7\u00e3o <em>blogs<\/em> de not\u00edcias sobre turismo ou de promo\u00e7\u00f5es de passagens a\u00e9reas.<\/li>\n\n\n\n<li>Valoriza-se a qualidade do trabalho e os princ\u00edpios \u00e9ticos do <em>bloggers<\/em>.<\/li>\n\n\n\n<li>Para podermos avaliar o seu <em>blog<\/em> de maneira consistente, ele precisa ter o m\u00ednimo de um ano de exist\u00eancia e no m\u00ednimo\u00a020\u00a0posts publicados;<\/li>\n\n\n\n<li>Os associados da ABVP s\u00e3o obrigados a pagar uma anuidade, atualmente fixada em 60\u20ac. Apenas solicite a inscri\u00e7\u00e3o se estiver disposto a fazer esse investimento.<\/li>\n<\/ul>\n\n\n\n<h4 class=\"wp-block-heading\">Formul\u00e1rio de inscri\u00e7\u00e3o<\/h4>\n\n\n\n<p>Por favor, preencha o <a href=\"https:\/\/docs.google.com\/forms\/d\/e\/1FAIpQLSfp6X0E79Pffr-oAw4T_14GK1RGVnQfBb4nAXfaWA-P3N4Wow\/viewform?usp=sf_link\">formul\u00e1rio no Google Forms<\/a>.<\/p>\n\n\n\n<p class=\"has-small-font-size\">O envio deste formul\u00e1rio n\u00e3o cria v\u00ednculo com a ABVP nem significa aceita\u00e7\u00e3o imediata como associado.<\/p>\n\n\n\n<p class=\"box-info\">De acordo com os Estatutos da ABVP, as propostas enviadas ser\u00e3o sujeitas a aprecia\u00e7\u00e3o da Dire\u00e7\u00e3o &#8211; que ocorrer\u00e1 no final de cada trimestre.<\/p>","protected":false},"excerpt":{"rendered":"<p>Quem pode associar-se Todos os portugueses representantes de blogs de viagem que produzam conte\u00fados pr\u00f3prios sobre viagens. Preferencialmente em l\u00edngua portuguesa, mas n\u00e3o exclusivamente nesta. Deve atuar sempre dentro dos [&hellip;]<\/p>\n","protected":false},"author":1,"featured_media":0,"parent":0,"menu_order":0,"comment_status":"closed","ping_status":"closed","template":"","meta":{"_price":"","_stock":"","_tribe_ticket_header":"","_tribe_default_ticket_provider":"","_tribe_ticket_capacity":"0","_ticket_start_date":"","_ticket_end_date":"","_tribe_ticket_show_description":"","_tribe_ticket_show_not_going":false,"_tribe_ticket_use_global_stock":"","_tribe_ticket_global_stock_level":"","_global_stock_mode":"","_global_stock_cap":"","_tribe_rsvp_for_event":"","_tribe_ticket_going_count":"","_tribe_ticket_not_going_count":"","_tribe_tickets_list":"[]","_tribe_ticket_has_attendee_info_fields":false,"_EventAllDay":false,"_EventTimezone":"","_EventStartDate":"","_EventEndDate":"","_EventStartDateUTC":"","_EventEndDateUTC":"","_EventShowMap":false,"_EventShowMapLink":false,"_EventURL":"","_EventCost":"","_EventCostDescription":"","_EventCurrencySymbol":"","_EventCurrencyCode":"","_EventCurrencyPosition":"","_EventDateTimeSeparator":"","_EventTimeRangeSeparator":"","_EventOrganizerID":[],"_EventVenueID":[],"_OrganizerEmail":"","_OrganizerPhone":"","_OrganizerWebsite":"","_VenueAddress":"","_VenueCity":"","_VenueCountry":"","_VenueProvince":"","_VenueState":"","_VenueZip":"","_VenuePhone":"","_VenueURL":"","_VenueStateProvince":"","_VenueLat":"","_VenueLng":"","_VenueShowMap":false,"_VenueShowMapLink":false,"footnotes":""},"campanha":[],"class_list":["post-28","page","type-page","status-publish","hentry"],"blocksy_meta":[],"yoast_head":"<!-- This site is optimized with the Yoast SEO plugin v26.4 - https:\/\/yoast.com\/wordpress\/plugins\/seo\/ -->\n<title>Associe-se \u00e0 ABVP - ABVP<\/title>\n<meta name=\"description\" content=\"Todas as informa\u00e7\u00f5es sobre como se tornar associado da Associa\u00e7\u00e3o de Bloggers de Viagem Portugueses (ABVP).\" \/>\n<meta name=\"robots\" content=\"index, follow, max-snippet:-1, max-image-preview:large, max-video-preview:-1\" \/>\n<link rel=\"canonical\" href=\"https:\/\/www.abvp.pt\/en\/inscricoes\/\" \/>\n<meta property=\"og:locale\" content=\"en_GB\" \/>\n<meta property=\"og:type\" content=\"article\" \/>\n<meta property=\"og:title\" content=\"Associe-se \u00e0 ABVP - ABVP\" \/>\n<meta property=\"og:description\" content=\"Todas as informa\u00e7\u00f5es sobre como se tornar associado da Associa\u00e7\u00e3o de Bloggers de Viagem Portugueses (ABVP).\" \/>\n<meta property=\"og:url\" content=\"https:\/\/www.abvp.pt\/en\/inscricoes\/\" \/>\n<meta property=\"og:site_name\" content=\"ABVP\" \/>\n<meta property=\"article:publisher\" content=\"https:\/\/www.facebook.com\/abvppt\/\" \/>\n<meta property=\"article:modified_time\" content=\"2024-09-18T16:47:56+00:00\" \/>\n<meta name=\"twitter:card\" content=\"summary_large_image\" \/>\n<meta name=\"twitter:site\" content=\"@abvppt\" \/>\n<meta name=\"twitter:label1\" content=\"Estimated reading time\" \/>\n\t<meta name=\"twitter:data1\" content=\"4 minutes\" \/>\n<script type=\"application\/ld+json\" class=\"yoast-schema-graph\">{\"@context\":\"https:\/\/schema.org\",\"@graph\":[{\"@type\":\"WebPage\",\"@id\":\"https:\/\/www.abvp.pt\/inscricoes\/\",\"url\":\"https:\/\/www.abvp.pt\/inscricoes\/\",\"name\":\"Associe-se \u00e0 ABVP - ABVP\",\"isPartOf\":{\"@id\":\"https:\/\/www.abvp.pt\/#website\"},\"datePublished\":\"2018-12-27T01:19:47+00:00\",\"dateModified\":\"2024-09-18T16:47:56+00:00\",\"description\":\"Todas as informa\u00e7\u00f5es sobre como se tornar associado da Associa\u00e7\u00e3o de Bloggers de Viagem Portugueses (ABVP).\",\"breadcrumb\":{\"@id\":\"https:\/\/www.abvp.pt\/inscricoes\/#breadcrumb\"},\"inLanguage\":\"en-GB\",\"potentialAction\":[{\"@type\":\"ReadAction\",\"target\":[\"https:\/\/www.abvp.pt\/inscricoes\/\"]}]},{\"@type\":\"BreadcrumbList\",\"@id\":\"https:\/\/www.abvp.pt\/inscricoes\/#breadcrumb\",\"itemListElement\":[{\"@type\":\"ListItem\",\"position\":1,\"name\":\"In\u00edcio\",\"item\":\"https:\/\/www.abvp.pt\/\"},{\"@type\":\"ListItem\",\"position\":2,\"name\":\"Associe-se \u00e0 ABVP\"}]},{\"@type\":\"WebSite\",\"@id\":\"https:\/\/www.abvp.pt\/#website\",\"url\":\"https:\/\/www.abvp.pt\/\",\"name\":\"ABVP\",\"description\":\"Associa\u00e7\u00e3o de Bloggers de Viagem Portugueses\",\"publisher\":{\"@id\":\"https:\/\/www.abvp.pt\/#organization\"},\"potentialAction\":[{\"@type\":\"SearchAction\",\"target\":{\"@type\":\"EntryPoint\",\"urlTemplate\":\"https:\/\/www.abvp.pt\/?s={search_term_string}\"},\"query-input\":{\"@type\":\"PropertyValueSpecification\",\"valueRequired\":true,\"valueName\":\"search_term_string\"}}],\"inLanguage\":\"en-GB\"},{\"@type\":\"Organization\",\"@id\":\"https:\/\/www.abvp.pt\/#organization\",\"name\":\"ABVP\",\"url\":\"https:\/\/www.abvp.pt\/\",\"logo\":{\"@type\":\"ImageObject\",\"inLanguage\":\"en-GB\",\"@id\":\"https:\/\/www.abvp.pt\/#\/schema\/logo\/image\/\",\"url\":\"https:\/\/www.abvp.pt\/wp-content\/uploads\/Logo-Header-dark.svg\",\"contentUrl\":\"https:\/\/www.abvp.pt\/wp-content\/uploads\/Logo-Header-dark.svg\",\"width\":325,\"height\":48,\"caption\":\"ABVP\"},\"image\":{\"@id\":\"https:\/\/www.abvp.pt\/#\/schema\/logo\/image\/\"},\"sameAs\":[\"https:\/\/www.facebook.com\/abvppt\/\",\"https:\/\/x.com\/abvppt\",\"https:\/\/www.instagram.com\/abvppt\/\"]}]}<\/script>\n<!-- \/ Yoast SEO plugin. -->","yoast_head_json":{"title":"Associe-se \u00e0 ABVP - ABVP","description":"Todas as informa\u00e7\u00f5es sobre como se tornar associado da Associa\u00e7\u00e3o de Bloggers de Viagem Portugueses (ABVP).","robots":{"index":"index","follow":"follow","max-snippet":"max-snippet:-1","max-image-preview":"max-image-preview:large","max-video-preview":"max-video-preview:-1"},"canonical":"https:\/\/www.abvp.pt\/en\/inscricoes\/","og_locale":"en_GB","og_type":"article","og_title":"Associe-se \u00e0 ABVP - ABVP","og_description":"Todas as informa\u00e7\u00f5es sobre como se tornar associado da Associa\u00e7\u00e3o de Bloggers de Viagem Portugueses (ABVP).","og_url":"https:\/\/www.abvp.pt\/en\/inscricoes\/","og_site_name":"ABVP","article_publisher":"https:\/\/www.facebook.com\/abvppt\/","article_modified_time":"2024-09-18T16:47:56+00:00","twitter_card":"summary_large_image","twitter_site":"@abvppt","twitter_misc":{"Estimated reading time":"4 minutes"},"schema":{"@context":"https:\/\/schema.org","@graph":[{"@type":"WebPage","@id":"https:\/\/www.abvp.pt\/inscricoes\/","url":"https:\/\/www.abvp.pt\/inscricoes\/","name":"Associe-se \u00e0 ABVP - ABVP","isPartOf":{"@id":"https:\/\/www.abvp.pt\/#website"},"datePublished":"2018-12-27T01:19:47+00:00","dateModified":"2024-09-18T16:47:56+00:00","description":"Todas as informa\u00e7\u00f5es sobre como se tornar associado da Associa\u00e7\u00e3o de Bloggers de Viagem Portugueses (ABVP).","breadcrumb":{"@id":"https:\/\/www.abvp.pt\/inscricoes\/#breadcrumb"},"inLanguage":"en-GB","potentialAction":[{"@type":"ReadAction","target":["https:\/\/www.abvp.pt\/inscricoes\/"]}]},{"@type":"BreadcrumbList","@id":"https:\/\/www.abvp.pt\/inscricoes\/#breadcrumb","itemListElement":[{"@type":"ListItem","position":1,"name":"In\u00edcio","item":"https:\/\/www.abvp.pt\/"},{"@type":"ListItem","position":2,"name":"Associe-se \u00e0 ABVP"}]},{"@type":"WebSite","@id":"https:\/\/www.abvp.pt\/#website","url":"https:\/\/www.abvp.pt\/","name":"ABVP","description":"Association of Portuguese Travel Bloggers","publisher":{"@id":"https:\/\/www.abvp.pt\/#organization"},"potentialAction":[{"@type":"SearchAction","target":{"@type":"EntryPoint","urlTemplate":"https:\/\/www.abvp.pt\/?s={search_term_string}"},"query-input":{"@type":"PropertyValueSpecification","valueRequired":true,"valueName":"search_term_string"}}],"inLanguage":"en-GB"},{"@type":"Organization","@id":"https:\/\/www.abvp.pt\/#organization","name":"ABVP","url":"https:\/\/www.abvp.pt\/","logo":{"@type":"ImageObject","inLanguage":"en-GB","@id":"https:\/\/www.abvp.pt\/#\/schema\/logo\/image\/","url":"https:\/\/www.abvp.pt\/wp-content\/uploads\/Logo-Header-dark.svg","contentUrl":"https:\/\/www.abvp.pt\/wp-content\/uploads\/Logo-Header-dark.svg","width":325,"height":48,"caption":"ABVP"},"image":{"@id":"https:\/\/www.abvp.pt\/#\/schema\/logo\/image\/"},"sameAs":["https:\/\/www.facebook.com\/abvppt\/","https:\/\/x.com\/abvppt","https:\/\/www.instagram.com\/abvppt\/"]}]}},"_links":{"self":[{"href":"https:\/\/www.abvp.pt\/en\/wp-json\/wp\/v2\/pages\/28","targetHints":{"allow":["GET"]}}],"collection":[{"href":"https:\/\/www.abvp.pt\/en\/wp-json\/wp\/v2\/pages"}],"about":[{"href":"https:\/\/www.abvp.pt\/en\/wp-json\/wp\/v2\/types\/page"}],"author":[{"embeddable":true,"href":"https:\/\/www.abvp.pt\/en\/wp-json\/wp\/v2\/users\/1"}],"replies":[{"embeddable":true,"href":"https:\/\/www.abvp.pt\/en\/wp-json\/wp\/v2\/comments?post=28"}],"version-history":[{"count":1,"href":"https:\/\/www.abvp.pt\/en\/wp-json\/wp\/v2\/pages\/28\/revisions"}],"predecessor-version":[{"id":7149,"href":"https:\/\/www.abvp.pt\/en\/wp-json\/wp\/v2\/pages\/28\/revisions\/7149"}],"wp:attachment":[{"href":"https:\/\/www.abvp.pt\/en\/wp-json\/wp\/v2\/media?parent=28"}],"wp:term":[{"taxonomy":"campanha","embeddable":true,"href":"https:\/\/www.abvp.pt\/en\/wp-json\/wp\/v2\/campanha?post=28"}],"curies":[{"name":"wp","href":"https:\/\/api.w.org\/{rel}","templated":true}]}}